{"id":2368,"date":"2024-07-09T15:19:40","date_gmt":"2024-07-09T07:19:40","guid":{"rendered":"https:\/\/silamir.our-little-company.com\/?post_type=presentation&#038;p=2368"},"modified":"2026-01-06T15:26:37","modified_gmt":"2026-01-06T14:26:37","slug":"our-governance","status":"publish","type":"page","link":"https:\/\/www.silamir.com\/en\/qui-nous-sommes\/notre-gouvernance\/","title":{"rendered":"Our governance"},"content":{"rendered":"\t\t<div data-elementor-type=\"wp-page\" data-elementor-id=\"2368\" class=\"elementor elementor-2368\" data-elementor-post-type=\"page\">\n\t\t\t\t<div class=\"has_ae_slider elementor-element elementor-element-40e9a07 e-flex e-con-boxed ae-bg-gallery-type-default e-con e-parent\" data-id=\"40e9a07\" data-element_type=\"container\" data-e-type=\"container\" data-settings=\"{&quot;background_background&quot;:&quot;gradient&quot;}\">\n\t\t\t\t\t<div class=\"e-con-inner\">\n\t\t\t\t<div class=\"elementor-element elementor-element-e9cf5a9 elementor-widget elementor-widget-heading\" data-id=\"e9cf5a9\" data-element_type=\"widget\" data-e-type=\"widget\" data-widget_type=\"heading.default\">\n\t\t\t\t<div class=\"elementor-widget-container\">\n\t\t\t\t\t<h3 class=\"elementor-heading-title elementor-size-default\">Notre gouvernance<\/h3>\t\t\t\t<\/div>\n\t\t\t\t<\/div>\n\t\t\t\t<div class=\"elementor-element elementor-element-19a37f6 elementor-widget elementor-widget-heading\" data-id=\"19a37f6\" data-element_type=\"widget\" data-e-type=\"widget\" data-widget_type=\"heading.default\">\n\t\t\t\t<div class=\"elementor-widget-container\">\n\t\t\t\t\t<h1 class=\"elementor-heading-title elementor-size-default\">Une direction ex\u00e9cutive dynamique, soutenue par une \u00e9quipe de management diversifi\u00e9e et un board ind\u00e9pendant<\/h1>\t\t\t\t<\/div>\n\t\t\t\t<\/div>\n\t\t\t\t\t<\/div>\n\t\t\t\t<\/div>\n\t\t<div class=\"has_ae_slider elementor-element elementor-element-f2c7fa8 e-con-full e-flex ae-bg-gallery-type-default e-con e-parent\" data-id=\"f2c7fa8\" data-element_type=\"container\" data-e-type=\"container\" id=\"breadcrumbs\">\n\t\t\t\t<div class=\"elementor-element elementor-element-5063891 elementor-widget elementor-widget-template\" data-id=\"5063891\" data-element_type=\"widget\" data-e-type=\"widget\" data-widget_type=\"template.default\">\n\t\t\t\t<div class=\"elementor-widget-container\">\n\t\t\t\t\t\t\t<div class=\"elementor-template\">\n\t\t\t\t\t<div data-elementor-type=\"container\" data-elementor-id=\"3592\" class=\"elementor elementor-3592\" data-elementor-post-type=\"elementor_library\">\n\t\t\t\t<div class=\"has_ae_slider elementor-element elementor-element-261f0cd7 XXbreadcrumb e-flex e-con-boxed ae-bg-gallery-type-default e-con e-child\" data-id=\"261f0cd7\" data-element_type=\"container\" data-e-type=\"container\" data-settings=\"{&quot;background_background&quot;:&quot;classic&quot;,&quot;sticky&quot;:&quot;top&quot;,&quot;sticky_on&quot;:[&quot;desktop&quot;,&quot;tablet&quot;,&quot;mobile&quot;],&quot;sticky_offset&quot;:0,&quot;sticky_effects_offset&quot;:0,&quot;sticky_anchor_link_offset&quot;:0}\">\n\t\t\t\t\t<div class=\"e-con-inner\">\n\t\t\t\t<div class=\"elementor-element elementor-element-771d627 elementor-widget elementor-widget-ee-breadcrumbs\" data-id=\"771d627\" data-element_type=\"widget\" data-e-type=\"widget\" data-widget_type=\"ee-breadcrumbs.default\">\n\t\t\t\t<div class=\"elementor-widget-container\">\n\t\t\t\t\t<ul class=\"ee-breadcrumbs\"><\/ul>\t\t\t\t<\/div>\n\t\t\t\t<\/div>\n\t\t\t\t\t<\/div>\n\t\t\t\t<\/div>\n\t\t\t\t<\/div>\n\t\t\t\t<\/div>\n\t\t\t\t\t\t<\/div>\n\t\t\t\t<\/div>\n\t\t\t\t<\/div>\n\t\t<div class=\"has_ae_slider elementor-element elementor-element-205ef97 e-flex e-con-boxed ae-bg-gallery-type-default e-con e-parent\" data-id=\"205ef97\" data-element_type=\"container\" data-e-type=\"container\" data-settings=\"{&quot;background_background&quot;:&quot;classic&quot;}\">\n\t\t\t\t\t<div class=\"e-con-inner\">\n\t\t\t\t<div class=\"elementor-element elementor-element-424489b elementor-widget__width-initial elementor-widget-mobile__width-inherit elementor-widget elementor-widget-heading\" data-id=\"424489b\" data-element_type=\"widget\" data-e-type=\"widget\" data-widget_type=\"heading.default\">\n\t\t\t\t<div class=\"elementor-widget-container\">\n\t\t\t\t\t<h2 class=\"elementor-heading-title elementor-size-default\">Direction ex\u00e9cutive <\/h2>\t\t\t\t<\/div>\n\t\t\t\t<\/div>\n\t\t<div class=\"has_ae_slider elementor-element elementor-element-7050dc2 e-con-full e-flex ae-bg-gallery-type-default e-con e-child\" data-id=\"7050dc2\" data-element_type=\"container\" data-e-type=\"container\">\n\t\t\t\t<div class=\"elementor-element elementor-element-fe94d39 elementor-widget elementor-widget-text-editor\" data-id=\"fe94d39\" data-element_type=\"widget\" data-e-type=\"widget\" data-widget_type=\"text-editor.default\">\n\t\t\t\t<div class=\"elementor-widget-container\">\n\t\t\t\t\t\t\t\t\t<p>La Direction ex\u00e9cutive de Silamir Group est compos\u00e9e de ses deux co-pr\u00e9sidentes fondatrices, Muriel Figer et Juliette Soria, et de sa Directrice g\u00e9n\u00e9rale, Rapha\u00eblle Leclercq<\/p>\t\t\t\t\t\t\t\t<\/div>\n\t\t\t\t<\/div>\n\t\t\t\t<\/div>\n\t\t\t\t\t<\/div>\n\t\t\t\t<\/div>\n\t\t<div class=\"has_ae_slider elementor-element elementor-element-77d2f72 e-flex e-con-boxed ae-bg-gallery-type-default e-con e-parent\" data-id=\"77d2f72\" data-element_type=\"container\" data-e-type=\"container\" data-settings=\"{&quot;background_background&quot;:&quot;classic&quot;}\">\n\t\t\t\t\t<div class=\"e-con-inner\">\n\t\t\t\t<div class=\"elementor-element elementor-element-5be3a61 elementor-widget__width-initial elementor-widget-mobile__width-inherit elementor-widget elementor-widget-heading\" data-id=\"5be3a61\" data-element_type=\"widget\" data-e-type=\"widget\" data-widget_type=\"heading.default\">\n\t\t\t\t<div class=\"elementor-widget-container\">\n\t\t\t\t\t<h2 class=\"elementor-heading-title elementor-size-default\">L\u2019\u00e9quipe de management<\/h2>\t\t\t\t<\/div>\n\t\t\t\t<\/div>\n\t\t<div class=\"has_ae_slider elementor-element elementor-element-d5518df e-con-full e-flex ae-bg-gallery-type-default e-con e-child\" data-id=\"d5518df\" data-element_type=\"container\" data-e-type=\"container\">\n\t\t\t\t<div class=\"elementor-element elementor-element-898b240 elementor-widget elementor-widget-text-editor\" data-id=\"898b240\" data-element_type=\"widget\" data-e-type=\"widget\" data-widget_type=\"text-editor.default\">\n\t\t\t\t<div class=\"elementor-widget-container\">\n\t\t\t\t\t\t\t\t\t<ul>\n<li><a href=\"https:\/\/www.linkedin.com\/in\/fauguste\/\">Fr\u00e9d\u00e9ric Auguste, CTO<\/a><\/li>\n<li><a href=\"https:\/\/www.linkedin.com\/in\/jeremybron\/\">J\u00e9r\u00e9my Bron, Directeur IA<\/a><\/li>\n<li><a href=\"https:\/\/www.linkedin.com\/in\/jeremy-devendeville\/\">J\u00e9r\u00e9my Devendeville, Directeur EPM<\/a><\/li>\n<li><a href=\"https:\/\/www.linkedin.com\/in\/gdreyfuss\/\">Guillaume Dreyfuss, Directeur Transformation &amp; Innovation<\/a><\/li>\n<li><a href=\"https:\/\/www.linkedin.com\/in\/eryeryty\/\">\u0141ukasz Jamro\u017cy, Directeur de Polarys Polska<\/a><\/li>\n<li><a href=\"https:\/\/www.linkedin.com\/in\/william-leblond-898a5127\/\">William Leblond, Co-Directeur de Silamind (BU Microsoft)<\/a><\/li>\n<li><a href=\"https:\/\/www.linkedin.com\/in\/vignon-boumekpo\/\">Augustin Vignon Boumekpo,\u00a0 Co-Directeur de Silamind (BU Microsoft)<\/a><\/li>\n<li><a href=\"https:\/\/www.linkedin.com\/in\/nicolas-liziard-data-analytics\/\">Nicolas Liziard, Directeur Data Intelligence<\/a><\/li>\n<li><a href=\"https:\/\/www.linkedin.com\/in\/camille-massiot-96969843\/\">Camille Massiot, Directrice Transformation<\/a><\/li>\n<li><a href=\"https:\/\/www.linkedin.com\/in\/guillaumepaturel\/\">Guillaume Paturel, Directeur Process Intelligence &amp; Excellence Op\u00e9rationnelle<\/a><\/li>\n<li><a href=\"https:\/\/www.linkedin.com\/in\/youneszoubaa\/\">Younes Zoubaa, Directeur commercial &amp; Directeur g\u00e9n\u00e9ral de Silamir Afrique<\/a><\/li>\n<li><a href=\"https:\/\/www.linkedin.com\/in\/d%C3%A9borah-vergnolle-67075475\/\">D\u00e9borah Vergnolle, Chief Marketing Officer<\/a><\/li>\n<li><a href=\"https:\/\/www.linkedin.com\/in\/s%C3%A9gol%C3%A8ne-lucas-5aa075152\/\">S\u00e9gol\u00e8ne Lucas, DRH<\/a><\/li>\n<\/ul>\t\t\t\t\t\t\t\t<\/div>\n\t\t\t\t<\/div>\n\t\t\t\t<\/div>\n\t\t\t\t\t<\/div>\n\t\t\t\t<\/div>\n\t\t<div class=\"has_ae_slider elementor-element elementor-element-7c49b16 e-flex e-con-boxed ae-bg-gallery-type-default e-con e-parent\" data-id=\"7c49b16\" data-element_type=\"container\" data-e-type=\"container\" data-settings=\"{&quot;background_background&quot;:&quot;classic&quot;}\">\n\t\t\t\t\t<div class=\"e-con-inner\">\n\t\t\t\t<div class=\"elementor-element elementor-element-fefd953 elementor-widget__width-initial elementor-widget-mobile__width-inherit elementor-widget elementor-widget-heading\" data-id=\"fefd953\" data-element_type=\"widget\" data-e-type=\"widget\" data-widget_type=\"heading.default\">\n\t\t\t\t<div class=\"elementor-widget-container\">\n\t\t\t\t\t<h2 class=\"elementor-heading-title elementor-size-default\">L'Advisory board<\/h2>\t\t\t\t<\/div>\n\t\t\t\t<\/div>\n\t\t<div class=\"has_ae_slider elementor-element elementor-element-a18e8a4 e-con-full e-flex ae-bg-gallery-type-default e-con e-child\" data-id=\"a18e8a4\" data-element_type=\"container\" data-e-type=\"container\">\n\t\t\t\t<div class=\"elementor-element elementor-element-b0700bd elementor-widget elementor-widget-text-editor\" data-id=\"b0700bd\" data-element_type=\"widget\" data-e-type=\"widget\" data-widget_type=\"text-editor.default\">\n\t\t\t\t<div class=\"elementor-widget-container\">\n\t\t\t\t\t\t\t\t\t<p>Les membres de ce conseil consultatif, professionnels externes et ind\u00e9pendants, accompagnent la pr\u00e9sidence du groupe dans ses d\u00e9cisions strat\u00e9giques en posant un regard diff\u00e9rent sur l\u2019entreprise<\/p>\n<ul>\n<li>Muriel Barn\u00e9oud, Directrice RSE &amp; Qualit\u00e9 de Emeis &#8211; Ex-Pr\u00e9sidente de Docaposte<\/li>\n<li>Claude Czechowski, CEO de CC CONSULTING Senior Advisor &#8211; Board member &#8211; Ex-CEO de Sema Group, DXC &#8211; Co-fondateur d\u2019Orsys<\/li>\n<li>Alexandre Domingues, Chief Digital Services Officer chez Alstom<\/li>\n<li>G\u00e9rald Karsenti, Senior Advisor Qualium Investissement, Ex-CEO SAP, HP, HPE, ex-dirigeant IBM, Pr. HEC Paris<\/li>\n<li>Martine Liautaud, Fondatrice &amp; Pr\u00e9sidente de Liautaud &amp; Cie, banque d\u2019affaires sp\u00e9cialis\u00e9e &#8211; Board member &#8211; Fondatrice &amp; Pr\u00e9sidente de Women Initiative Foundation<\/li>\n<\/ul>\t\t\t\t\t\t\t\t<\/div>\n\t\t\t\t<\/div>\n\t\t\t\t<\/div>\n\t\t\t\t\t<\/div>\n\t\t\t\t<\/div>\n\t\t\t\t<\/div>\n\t\t","protected":false},"excerpt":{"rendered":"<p>Une direction ex\u00e9cutive dynamique, soutenue par une \u00e9quipe de management diversifi\u00e9e et un board ind\u00e9pendant Direction ex\u00e9cutive La Direction ex\u00e9cutive de Silamir Group est compos\u00e9e de ses deux co-pr\u00e9sidentes fondatrices, Muriel Figer et Juliette Soria, et de sa Directrice g\u00e9n\u00e9rale, Rapha\u00eblle Leclercq L\u2019\u00e9quipe de management Fr\u00e9d\u00e9ric Auguste, CTO J\u00e9r\u00e9my Bron, Directeur IA J\u00e9r\u00e9my Devendeville, Directeur [&hellip;]<\/p>\n","protected":false},"author":3,"featured_media":0,"parent":712,"menu_order":3,"comment_status":"closed","ping_status":"closed","template":"","meta":{"_acf_changed":false,"_seopress_robots_primary_cat":"","_seopress_titles_title":"","_seopress_titles_desc":"Une direction ex\u00e9cutive dynamique, soutenue par une \u00e9quipe de management diversifi\u00e9e et un board ind\u00e9pendant.","_seopress_robots_index":"","_seopress_analysis_target_kw":"","footnotes":"","_links_to":"","_links_to_target":""},"class_list":["post-2368","page","type-page","status-publish","hentry"],"acf":[],"_links":{"self":[{"href":"https:\/\/www.silamir.com\/en\/wp-json\/wp\/v2\/pages\/2368","targetHints":{"allow":["GET"]}}],"collection":[{"href":"https:\/\/www.silamir.com\/en\/wp-json\/wp\/v2\/pages"}],"about":[{"href":"https:\/\/www.silamir.com\/en\/wp-json\/wp\/v2\/types\/page"}],"author":[{"embeddable":true,"href":"https:\/\/www.silamir.com\/en\/wp-json\/wp\/v2\/users\/3"}],"replies":[{"embeddable":true,"href":"https:\/\/www.silamir.com\/en\/wp-json\/wp\/v2\/comments?post=2368"}],"version-history":[{"count":5,"href":"https:\/\/www.silamir.com\/en\/wp-json\/wp\/v2\/pages\/2368\/revisions"}],"predecessor-version":[{"id":122041,"href":"https:\/\/www.silamir.com\/en\/wp-json\/wp\/v2\/pages\/2368\/revisions\/122041"}],"up":[{"embeddable":true,"href":"https:\/\/www.silamir.com\/en\/wp-json\/wp\/v2\/pages\/712"}],"wp:attachment":[{"href":"https:\/\/www.silamir.com\/en\/wp-json\/wp\/v2\/media?parent=2368"}],"curies":[{"name":"wp","href":"https:\/\/api.w.org\/{rel}","templated":true}]}}